{"id":4236,"date":"2021-04-29T18:05:33","date_gmt":"2021-04-29T16:05:33","guid":{"rendered":"http:\/\/trufaconsultores.com\/?page_id=4236"},"modified":"2021-04-29T19:22:15","modified_gmt":"2021-04-29T17:22:15","slug":"audiovisual","status":"publish","type":"page","link":"https:\/\/trufaconsultores.com\/index.php\/audiovisual\/","title":{"rendered":"AUDIOVISUAL"},"content":{"rendered":"\t\t<div data-elementor-type=\"wp-page\" data-elementor-id=\"4236\" class=\"elementor elementor-4236\" data-elementor-settings=\"[]\">\n\t\t\t\t\t\t<div class=\"elementor-inner\">\n\t\t\t\t\t\t\t<div class=\"elementor-section-wrap\">\n\t\t\t\t\t\t\t<section class=\"elementor-section elementor-top-section elementor-element elementor-element-880265e elementor-section-boxed elementor-section-height-default elementor-section-height-default\" data-id=\"880265e\" data-element_type=\"section\">\n\t\t\t\t\t\t<div class=\"elementor-container elementor-column-gap-default\">\n\t\t\t\t\t\t\t<div class=\"elementor-row\">\n\t\t\t\t\t<div class=\"elementor-column elementor-col-100 elementor-top-column elementor-element elementor-element-f38e960\" data-id=\"f38e960\" data-element_type=\"column\">\n\t\t\t<div class=\"elementor-column-wrap elementor-element-populated\">\n\t\t\t\t\t\t\t<div class=\"elementor-widget-wrap\">\n\t\t\t\t\t\t<div class=\"elementor-element elementor-element-510b258 elementor-widget elementor-widget-image\" data-id=\"510b258\" data-element_type=\"widget\" data-widget_type=\"image.default\">\n\t\t\t\t<div class=\"elementor-widget-container\">\n\t\t\t\t\t\t\t\t<div class=\"elementor-image\">\n\t\t\t\t\t\t\t\t\t\t\t\t<img width=\"960\" height=\"679\" src=\"https:\/\/i0.wp.com\/trufaconsultores.com\/wp-content\/uploads\/2021\/01\/film-596009_1920.jpg?fit=960%2C679&amp;ssl=1\" class=\"attachment-large size-large\" alt=\"\" loading=\"lazy\" srcset=\"https:\/\/i0.wp.com\/trufaconsultores.com\/wp-content\/uploads\/2021\/01\/film-596009_1920.jpg?w=1920&amp;ssl=1 1920w, https:\/\/i0.wp.com\/trufaconsultores.com\/wp-content\/uploads\/2021\/01\/film-596009_1920.jpg?resize=595%2C421&amp;ssl=1 595w, https:\/\/i0.wp.com\/trufaconsultores.com\/wp-content\/uploads\/2021\/01\/film-596009_1920.jpg?resize=960%2C679&amp;ssl=1 960w, https:\/\/i0.wp.com\/trufaconsultores.com\/wp-content\/uploads\/2021\/01\/film-596009_1920.jpg?resize=768%2C543&amp;ssl=1 768w, https:\/\/i0.wp.com\/trufaconsultores.com\/wp-content\/uploads\/2021\/01\/film-596009_1920.jpg?resize=1536%2C1086&amp;ssl=1 1536w, https:\/\/i0.wp.com\/trufaconsultores.com\/wp-content\/uploads\/2021\/01\/film-596009_1920.jpg?resize=1140%2C806&amp;ssl=1 1140w\" sizes=\"(max-width: 960px) 100vw, 960px\" data-attachment-id=\"4209\" data-permalink=\"https:\/\/trufaconsultores.com\/film-596009_1920\/\" data-orig-file=\"https:\/\/i0.wp.com\/trufaconsultores.com\/wp-content\/uploads\/2021\/01\/film-596009_1920.jpg?fit=1920%2C1357&amp;ssl=1\" data-orig-size=\"1920,1357\" data-comments-opened=\"1\" data-image-meta=\"{&quot;aperture&quot;:&quot;0&quot;,&quot;credit&quot;:&quot;&quot;,&quot;camera&quot;:&quot;&quot;,&quot;caption&quot;:&quot;&quot;,&quot;created_timestamp&quot;:&quot;0&quot;,&quot;copyright&quot;:&quot;&quot;,&quot;focal_length&quot;:&quot;0&quot;,&quot;iso&quot;:&quot;0&quot;,&quot;shutter_speed&quot;:&quot;0&quot;,&quot;title&quot;:&quot;&quot;,&quot;orientation&quot;:&quot;0&quot;}\" data-image-title=\"film-596009_1920\" data-image-description=\"\" data-medium-file=\"https:\/\/i0.wp.com\/trufaconsultores.com\/wp-content\/uploads\/2021\/01\/film-596009_1920.jpg?fit=595%2C421&amp;ssl=1\" data-large-file=\"https:\/\/i0.wp.com\/trufaconsultores.com\/wp-content\/uploads\/2021\/01\/film-596009_1920.jpg?fit=960%2C679&amp;ssl=1\" \/>\t\t\t\t\t\t\t\t\t\t\t\t\t\t<\/div>\n\t\t\t\t\t\t<\/div>\n\t\t\t\t<\/div>\n\t\t\t\t\t\t<\/div>\n\t\t\t\t\t<\/div>\n\t\t<\/div>\n\t\t\t\t\t\t\t\t<\/div>\n\t\t\t\t\t<\/div>\n\t\t<\/section>\n\t\t\t\t<section class=\"elementor-section elementor-top-section elementor-element elementor-element-0842052 elementor-section-boxed elementor-section-height-default elementor-section-height-default\" data-id=\"0842052\" data-element_type=\"section\">\n\t\t\t\t\t\t<div class=\"elementor-container elementor-column-gap-default\">\n\t\t\t\t\t\t\t<div class=\"elementor-row\">\n\t\t\t\t\t<div class=\"elementor-column elementor-col-100 elementor-top-column elementor-element elementor-element-97c0477\" data-id=\"97c0477\" data-element_type=\"column\">\n\t\t\t<div class=\"elementor-column-wrap elementor-element-populated\">\n\t\t\t\t\t\t\t<div class=\"elementor-widget-wrap\">\n\t\t\t\t\t\t<div class=\"elementor-element elementor-element-2306e26 elementor-widget elementor-widget-text-editor\" data-id=\"2306e26\" data-element_type=\"widget\" data-widget_type=\"text-editor.default\">\n\t\t\t\t<div class=\"elementor-widget-container\">\n\t\t\t\t\t\t\t\t<div class=\"elementor-text-editor elementor-clearfix\">\n\t\t\t\t\t<p>En el sector audiovisual hemos creado una figura no com\u00fan seg\u00fan los m\u00e9todos y protocolos de trabajo y el organigrama, establecidos durante muchos a\u00f1os en las productoras dedicadas a la producci\u00f3n de series y pel\u00edculas de ficci\u00f3n en Espa\u00f1a.<\/p><p>Innovamos con un papel de captaci\u00f3n y gesti\u00f3n de recursos para la producci\u00f3n audiovisual, tanto integrada como parte del equipo en la producci\u00f3n ejecutiva o como consultora especializada. En este papel se ha creado tambi\u00e9n la asesor\u00eda de desarrollo y expansi\u00f3n de negocio de las productoras, encontrando para ellas un entorno confortable a acciones transversales a su negocio y posicionamiento de marca.<\/p><p>Nuestros principales servicios son.<\/p><ul><li style=\"list-style-type: none;\"><ul><li style=\"list-style-type: none;\"><ul><li>Asesor\u00eda en el desarrollo de nuevos proyectos y expansi\u00f3n de negocio.<\/li><li>Captaci\u00f3n y gesti\u00f3n de recursos y activos para la producci\u00f3n.<\/li><li>Placement y Cesiones de Material en la producci\u00f3n.<\/li><li>Asesor\u00eda y gesti\u00f3n de las herramientas necesarias para la obtenci\u00f3n de Cr\u00e9dito Fiscal, Inversi\u00f3n privada y Apoyos Institucionales a las producciones y nuevos proyectos audiovisuales.<\/li><\/ul><\/li><\/ul><\/li><\/ul>\t\t\t\t\t<\/div>\n\t\t\t\t\t\t<\/div>\n\t\t\t\t<\/div>\n\t\t\t\t\t\t<\/div>\n\t\t\t\t\t<\/div>\n\t\t<\/div>\n\t\t\t\t\t\t\t\t<\/div>\n\t\t\t\t\t<\/div>\n\t\t<\/section>\n\t\t\t\t<section class=\"elementor-section elementor-top-section elementor-element elementor-element-1e6ef1c elementor-section-boxed elementor-section-height-default elementor-section-height-default\" data-id=\"1e6ef1c\" data-element_type=\"section\">\n\t\t\t\t\t\t<div class=\"elementor-container elementor-column-gap-default\">\n\t\t\t\t\t\t\t<div class=\"elementor-row\">\n\t\t\t\t\t<div class=\"elementor-column elementor-col-100 elementor-top-column elementor-element elementor-element-b57046d\" data-id=\"b57046d\" data-element_type=\"column\">\n\t\t\t<div class=\"elementor-column-wrap elementor-element-populated\">\n\t\t\t\t\t\t\t<div class=\"elementor-widget-wrap\">\n\t\t\t\t\t\t<div class=\"elementor-element elementor-element-cfda55d elementor-widget elementor-widget-image\" data-id=\"cfda55d\" data-element_type=\"widget\" data-widget_type=\"image.default\">\n\t\t\t\t<div class=\"elementor-widget-container\">\n\t\t\t\t\t\t\t\t<div class=\"elementor-image\">\n\t\t\t\t\t\t\t\t\t\t\t\t<img width=\"960\" height=\"640\" src=\"https:\/\/i1.wp.com\/trufaconsultores.com\/wp-content\/uploads\/2021\/04\/MG_8837-scaled.jpeg?fit=960%2C640&amp;ssl=1\" class=\"attachment-large size-large\" alt=\"\" loading=\"lazy\" srcset=\"https:\/\/i1.wp.com\/trufaconsultores.com\/wp-content\/uploads\/2021\/04\/MG_8837-scaled.jpeg?w=2560&amp;ssl=1 2560w, https:\/\/i1.wp.com\/trufaconsultores.com\/wp-content\/uploads\/2021\/04\/MG_8837-scaled.jpeg?resize=595%2C397&amp;ssl=1 595w, https:\/\/i1.wp.com\/trufaconsultores.com\/wp-content\/uploads\/2021\/04\/MG_8837-scaled.jpeg?resize=960%2C640&amp;ssl=1 960w, https:\/\/i1.wp.com\/trufaconsultores.com\/wp-content\/uploads\/2021\/04\/MG_8837-scaled.jpeg?resize=768%2C512&amp;ssl=1 768w, https:\/\/i1.wp.com\/trufaconsultores.com\/wp-content\/uploads\/2021\/04\/MG_8837-scaled.jpeg?resize=1536%2C1024&amp;ssl=1 1536w, https:\/\/i1.wp.com\/trufaconsultores.com\/wp-content\/uploads\/2021\/04\/MG_8837-scaled.jpeg?resize=2048%2C1365&amp;ssl=1 2048w, https:\/\/i1.wp.com\/trufaconsultores.com\/wp-content\/uploads\/2021\/04\/MG_8837-scaled.jpeg?resize=1140%2C760&amp;ssl=1 1140w, https:\/\/i1.wp.com\/trufaconsultores.com\/wp-content\/uploads\/2021\/04\/MG_8837-scaled.jpeg?resize=272%2C182&amp;ssl=1 272w, https:\/\/i1.wp.com\/trufaconsultores.com\/wp-content\/uploads\/2021\/04\/MG_8837-scaled.jpeg?w=1920 1920w\" sizes=\"(max-width: 960px) 100vw, 960px\" data-attachment-id=\"4245\" data-permalink=\"https:\/\/trufaconsultores.com\/index.php\/audiovisual\/_mg_8837\/\" data-orig-file=\"https:\/\/i1.wp.com\/trufaconsultores.com\/wp-content\/uploads\/2021\/04\/MG_8837-scaled.jpeg?fit=2560%2C1707&amp;ssl=1\" data-orig-size=\"2560,1707\" data-comments-opened=\"1\" data-image-meta=\"{&quot;aperture&quot;:&quot;4&quot;,&quot;credit&quot;:&quot;&quot;,&quot;camera&quot;:&quot;Canon EOS 5D Mark II&quot;,&quot;caption&quot;:&quot;&quot;,&quot;created_timestamp&quot;:&quot;1539200661&quot;,&quot;copyright&quot;:&quot;&quot;,&quot;focal_length&quot;:&quot;24&quot;,&quot;iso&quot;:&quot;1600&quot;,&quot;shutter_speed&quot;:&quot;0.016666666666667&quot;,&quot;title&quot;:&quot;&quot;,&quot;orientation&quot;:&quot;1&quot;}\" data-image-title=\"_MG_8837\" data-image-description=\"\" data-medium-file=\"https:\/\/i1.wp.com\/trufaconsultores.com\/wp-content\/uploads\/2021\/04\/MG_8837-scaled.jpeg?fit=595%2C397&amp;ssl=1\" data-large-file=\"https:\/\/i1.wp.com\/trufaconsultores.com\/wp-content\/uploads\/2021\/04\/MG_8837-scaled.jpeg?fit=960%2C640&amp;ssl=1\" \/>\t\t\t\t\t\t\t\t\t\t\t\t\t\t<\/div>\n\t\t\t\t\t\t<\/div>\n\t\t\t\t<\/div>\n\t\t\t\t\t\t<\/div>\n\t\t\t\t\t<\/div>\n\t\t<\/div>\n\t\t\t\t\t\t\t\t<\/div>\n\t\t\t\t\t<\/div>\n\t\t<\/section>\n\t\t\t\t<section class=\"elementor-section elementor-top-section elementor-element elementor-element-738d766 elementor-section-boxed elementor-section-height-default elementor-section-height-default\" data-id=\"738d766\" data-element_type=\"section\">\n\t\t\t\t\t\t<div class=\"elementor-container elementor-column-gap-default\">\n\t\t\t\t\t\t\t<div class=\"elementor-row\">\n\t\t\t\t\t<div class=\"elementor-column elementor-col-100 elementor-top-column elementor-element elementor-element-98d7df8\" data-id=\"98d7df8\" data-element_type=\"column\">\n\t\t\t<div class=\"elementor-column-wrap elementor-element-populated\">\n\t\t\t\t\t\t\t<div class=\"elementor-widget-wrap\">\n\t\t\t\t\t\t<div class=\"elementor-element elementor-element-19c75fa elementor-widget elementor-widget-text-editor\" data-id=\"19c75fa\" data-element_type=\"widget\" data-widget_type=\"text-editor.default\">\n\t\t\t\t<div class=\"elementor-widget-container\">\n\t\t\t\t\t\t\t\t<div class=\"elementor-text-editor elementor-clearfix\">\n\t\t\t\t\t<p>Dentro de nuestro trabajo diario el habernos introducido con \u00e9xito en el sector audiovisual, en concreto en la producci\u00f3n de ficci\u00f3n en Espa\u00f1a, con una figura totalmente novedosa, y continuar con la confianza de nuestros clientes y seguir manteniendo la confianza de nuestros clientes es todo un reto y una satisfacci\u00f3n personal y de todos mis colaboradores.<\/p><p>Esto probablemente haya sucedido por encontrar en nosotros el reconocimiento interno de que deb\u00edamos escuchar a la formaci\u00f3n y experiencia del cliente, a tener una mentalidad muy clara que deb\u00edamos mantener una formaci\u00f3n continua durante nuestra relaci\u00f3n y que deb\u00edamos aportar siempre otra \u00f3ptica para la forma de captar y gestionar los recursos necesarios para producir la ficci\u00f3n y encontrar activos que la ayuden con \u00e9xito a realizar el proyecto.<\/p>\t\t\t\t\t<\/div>\n\t\t\t\t\t\t<\/div>\n\t\t\t\t<\/div>\n\t\t\t\t\t\t<\/div>\n\t\t\t\t\t<\/div>\n\t\t<\/div>\n\t\t\t\t\t\t\t\t<\/div>\n\t\t\t\t\t<\/div>\n\t\t<\/section>\n\t\t\t\t\t\t<\/div>\n\t\t\t\t\t\t<\/div>\n\t\t\t\t\t<\/div>\n\t\t","protected":false},"excerpt":{"rendered":"<p>En el sector audiovisual hemos creado una figura no com\u00fan seg\u00fan los m\u00e9todos y protocolos de trabajo y el organigrama, establecidos durante muchos a\u00f1os en las productoras dedicadas a la producci\u00f3n de series y pel\u00edculas de ficci\u00f3n en Espa\u00f1a. Innovamos con un papel de captaci\u00f3n y gesti\u00f3n de recursos para la producci\u00f3n audiovisual, tanto integrada como parte del equipo en la producci\u00f3n ejecutiva o como consultora especializada. En este papel se ha creado tambi\u00e9n la asesor\u00eda de desarrollo y expansi\u00f3n de negocio de las productoras, encontrando para ellas un entorno confortable a acciones transversales a su negocio y posicionamiento de marca. Nuestros principales servicios son. Asesor\u00eda en el desarrollo de nuevos proyectos y expansi\u00f3n de negocio. Captaci\u00f3n y gesti\u00f3n de recursos y activos para la producci\u00f3n. Placement y Cesiones de Material en la producci\u00f3n. Asesor\u00eda y gesti\u00f3n de las herramientas necesarias para la obtenci\u00f3n de Cr\u00e9dito Fiscal, Inversi\u00f3n privada y Apoyos Institucionales a las producciones y nuevos proyectos audiovisuales. Dentro de nuestro trabajo diario el habernos introducido con \u00e9xito en el sector audiovisual, en concreto en la producci\u00f3n de ficci\u00f3n en Espa\u00f1a, con una figura totalmente novedosa, y continuar con la confianza de nuestros clientes y seguir manteniendo la confianza de nuestros clientes es todo un reto y una satisfacci\u00f3n personal y de todos mis colaboradores. Esto probablemente haya sucedido por encontrar en nosotros el reconocimiento interno de que deb\u00edamos escuchar a la formaci\u00f3n y experiencia del cliente, a tener una mentalidad muy clara que deb\u00edamos mantener una formaci\u00f3n continua durante nuestra relaci\u00f3n y que deb\u00edamos aportar siempre otra \u00f3ptica para la forma de captar y gestionar los recursos necesarios para producir la ficci\u00f3n y encontrar activos que la ayuden con \u00e9xito a realizar el proyecto.<\/p>\n","protected":false},"author":3,"featured_media":0,"parent":0,"menu_order":0,"comment_status":"closed","ping_status":"closed","template":"","meta":{"spay_email":""},"yoast_head":"<!-- This site is optimized with the Yoast SEO plugin v16.4 - https:\/\/yoast.com\/wordpress\/plugins\/seo\/ -->\n<title>AUDIOVISUAL - http:\/\/trufaconsultores.com\/index.php\/experiences-by-trufa\/<\/title>\n<meta name=\"description\" content=\"Somos una consultora especializada en la captaci\u00f3n y gesti\u00f3n de recursos y activos para la producci\u00f3n audiovisual, en especial, la de ficci\u00f3n\" \/>\n<meta name=\"robots\" content=\"index, follow, max-snippet:-1, max-image-preview:large, max-video-preview:-1\" \/>\n<link rel=\"canonical\" href=\"https:\/\/trufaconsultores.com\/index.php\/audiovisual\/\" \/>\n<meta property=\"og:locale\" content=\"es_ES\" \/>\n<meta property=\"og:type\" content=\"article\" \/>\n<meta property=\"og:title\" content=\"AUDIOVISUAL - http:\/\/trufaconsultores.com\/index.php\/experiences-by-trufa\/\" \/>\n<meta property=\"og:description\" content=\"Somos una consultora especializada en la captaci\u00f3n y gesti\u00f3n de recursos y activos para la producci\u00f3n audiovisual, en especial, la de ficci\u00f3n\" \/>\n<meta property=\"og:url\" content=\"https:\/\/trufaconsultores.com\/index.php\/audiovisual\/\" \/>\n<meta property=\"article:modified_time\" content=\"2021-04-29T17:22:15+00:00\" \/>\n<meta property=\"og:image\" content=\"http:\/\/trufaconsultores.com\/wp-content\/uploads\/2021\/01\/film-596009_1920-960x679.jpg\" \/>\n<meta name=\"twitter:card\" content=\"summary_large_image\" \/>\n<meta name=\"twitter:label1\" content=\"Tiempo de lectura\" \/>\n\t<meta name=\"twitter:data1\" content=\"2 minutos\" \/>\n<script type=\"application\/ld+json\" class=\"yoast-schema-graph\">{\"@context\":\"https:\/\/schema.org\",\"@graph\":[{\"@type\":\"Organization\",\"@id\":\"https:\/\/trufaconsultores.com\/#organization\",\"name\":\"TRUFA\",\"url\":\"https:\/\/trufaconsultores.com\/\",\"sameAs\":[],\"logo\":{\"@type\":\"ImageObject\",\"@id\":\"https:\/\/trufaconsultores.com\/#logo\",\"inLanguage\":\"es\",\"url\":\"https:\/\/i2.wp.com\/trufaconsultores.com\/wp-content\/uploads\/2017\/09\/2_LOGOS-trufa_color_transparente-02.jpg?fit=876%2C924\",\"contentUrl\":\"https:\/\/i2.wp.com\/trufaconsultores.com\/wp-content\/uploads\/2017\/09\/2_LOGOS-trufa_color_transparente-02.jpg?fit=876%2C924\",\"width\":876,\"height\":924,\"caption\":\"TRUFA\"},\"image\":{\"@id\":\"https:\/\/trufaconsultores.com\/#logo\"}},{\"@type\":\"WebSite\",\"@id\":\"https:\/\/trufaconsultores.com\/#website\",\"url\":\"https:\/\/trufaconsultores.com\/\",\"name\":\"\",\"description\":\"\",\"publisher\":{\"@id\":\"https:\/\/trufaconsultores.com\/#organization\"},\"potentialAction\":[{\"@type\":\"SearchAction\",\"target\":\"https:\/\/trufaconsultores.com\/?s={search_term_string}\",\"query-input\":\"required name=search_term_string\"}],\"inLanguage\":\"es\"},{\"@type\":\"ImageObject\",\"@id\":\"https:\/\/trufaconsultores.com\/index.php\/audiovisual\/#primaryimage\",\"inLanguage\":\"es\",\"url\":\"http:\/\/trufaconsultores.com\/wp-content\/uploads\/2021\/01\/film-596009_1920-960x679.jpg\",\"contentUrl\":\"http:\/\/trufaconsultores.com\/wp-content\/uploads\/2021\/01\/film-596009_1920-960x679.jpg\"},{\"@type\":\"WebPage\",\"@id\":\"https:\/\/trufaconsultores.com\/index.php\/audiovisual\/#webpage\",\"url\":\"https:\/\/trufaconsultores.com\/index.php\/audiovisual\/\",\"name\":\"AUDIOVISUAL - http:\/\/trufaconsultores.com\/index.php\/experiences-by-trufa\/\",\"isPartOf\":{\"@id\":\"https:\/\/trufaconsultores.com\/#website\"},\"primaryImageOfPage\":{\"@id\":\"https:\/\/trufaconsultores.com\/index.php\/audiovisual\/#primaryimage\"},\"datePublished\":\"2021-04-29T16:05:33+00:00\",\"dateModified\":\"2021-04-29T17:22:15+00:00\",\"description\":\"Somos una consultora especializada en la captaci\\u00f3n y gesti\\u00f3n de recursos y activos para la producci\\u00f3n audiovisual, en especial, la de ficci\\u00f3n\",\"breadcrumb\":{\"@id\":\"https:\/\/trufaconsultores.com\/index.php\/audiovisual\/#breadcrumb\"},\"inLanguage\":\"es\",\"potentialAction\":[{\"@type\":\"ReadAction\",\"target\":[\"https:\/\/trufaconsultores.com\/index.php\/audiovisual\/\"]}]},{\"@type\":\"BreadcrumbList\",\"@id\":\"https:\/\/trufaconsultores.com\/index.php\/audiovisual\/#breadcrumb\",\"itemListElement\":[{\"@type\":\"ListItem\",\"position\":1,\"item\":{\"@type\":\"WebPage\",\"@id\":\"https:\/\/trufaconsultores.com\/\",\"url\":\"https:\/\/trufaconsultores.com\/\",\"name\":\"Portada\"}},{\"@type\":\"ListItem\",\"position\":2,\"item\":{\"@id\":\"https:\/\/trufaconsultores.com\/index.php\/audiovisual\/#webpage\"}}]}]}<\/script>\n<!-- \/ Yoast SEO plugin. -->","jetpack_sharing_enabled":true,"jetpack_shortlink":"https:\/\/wp.me\/P6QXn7-16k","jetpack-related-posts":[],"_links":{"self":[{"href":"https:\/\/trufaconsultores.com\/index.php\/wp-json\/wp\/v2\/pages\/4236"}],"collection":[{"href":"https:\/\/trufaconsultores.com\/index.php\/wp-json\/wp\/v2\/pages"}],"about":[{"href":"https:\/\/trufaconsultores.com\/index.php\/wp-json\/wp\/v2\/types\/page"}],"author":[{"embeddable":true,"href":"https:\/\/trufaconsultores.com\/index.php\/wp-json\/wp\/v2\/users\/3"}],"replies":[{"embeddable":true,"href":"https:\/\/trufaconsultores.com\/index.php\/wp-json\/wp\/v2\/comments?post=4236"}],"version-history":[{"count":23,"href":"https:\/\/trufaconsultores.com\/index.php\/wp-json\/wp\/v2\/pages\/4236\/revisions"}],"predecessor-version":[{"id":4267,"href":"https:\/\/trufaconsultores.com\/index.php\/wp-json\/wp\/v2\/pages\/4236\/revisions\/4267"}],"wp:attachment":[{"href":"https:\/\/trufaconsultores.com\/index.php\/wp-json\/wp\/v2\/media?parent=4236"}],"curies":[{"name":"wp","href":"https:\/\/api.w.org\/{rel}","templated":true}]}}