{"id":4219,"date":"2021-01-07T11:38:14","date_gmt":"2021-01-07T10:38:14","guid":{"rendered":"http:\/\/trufaconsultores.com\/?page_id=4219"},"modified":"2021-06-05T11:36:39","modified_gmt":"2021-06-05T09:36:39","slug":"activate","status":"publish","type":"page","link":"https:\/\/trufaconsultores.com\/index.php\/activate\/","title":{"rendered":"ACT\u00cdVATE"},"content":{"rendered":"\t\t<div data-elementor-type=\"wp-page\" data-elementor-id=\"4219\" class=\"elementor elementor-4219\" data-elementor-settings=\"[]\">\n\t\t\t\t\t\t<div class=\"elementor-inner\">\n\t\t\t\t\t\t\t<div class=\"elementor-section-wrap\">\n\t\t\t\t\t\t\t<section class=\"elementor-section elementor-top-section elementor-element elementor-element-eeb66eb elementor-section-boxed elementor-section-height-default elementor-section-height-default\" data-id=\"eeb66eb\" data-element_type=\"section\">\n\t\t\t\t\t\t<div class=\"elementor-container elementor-column-gap-default\">\n\t\t\t\t\t\t\t<div class=\"elementor-row\">\n\t\t\t\t\t<div class=\"elementor-column elementor-col-100 elementor-top-column elementor-element elementor-element-30b8263\" data-id=\"30b8263\" data-element_type=\"column\">\n\t\t\t<div class=\"elementor-column-wrap elementor-element-populated\">\n\t\t\t\t\t\t\t<div class=\"elementor-widget-wrap\">\n\t\t\t\t\t\t<div class=\"elementor-element elementor-element-408ffec elementor-widget elementor-widget-image\" data-id=\"408ffec\" data-element_type=\"widget\" data-widget_type=\"image.default\">\n\t\t\t\t<div class=\"elementor-widget-container\">\n\t\t\t\t\t\t\t\t<div class=\"elementor-image\">\n\t\t\t\t\t\t\t\t\t\t\t\t<img width=\"960\" height=\"640\" src=\"https:\/\/i1.wp.com\/trufaconsultores.com\/wp-content\/uploads\/2021\/04\/people-2557399_1920.jpg?fit=960%2C640&amp;ssl=1\" class=\"attachment-large size-large\" alt=\"\" loading=\"lazy\" srcset=\"https:\/\/i1.wp.com\/trufaconsultores.com\/wp-content\/uploads\/2021\/04\/people-2557399_1920.jpg?w=1920&amp;ssl=1 1920w, https:\/\/i1.wp.com\/trufaconsultores.com\/wp-content\/uploads\/2021\/04\/people-2557399_1920.jpg?resize=595%2C396&amp;ssl=1 595w, https:\/\/i1.wp.com\/trufaconsultores.com\/wp-content\/uploads\/2021\/04\/people-2557399_1920.jpg?resize=960%2C640&amp;ssl=1 960w, https:\/\/i1.wp.com\/trufaconsultores.com\/wp-content\/uploads\/2021\/04\/people-2557399_1920.jpg?resize=768%2C512&amp;ssl=1 768w, https:\/\/i1.wp.com\/trufaconsultores.com\/wp-content\/uploads\/2021\/04\/people-2557399_1920.jpg?resize=1536%2C1023&amp;ssl=1 1536w, https:\/\/i1.wp.com\/trufaconsultores.com\/wp-content\/uploads\/2021\/04\/people-2557399_1920.jpg?resize=1140%2C759&amp;ssl=1 1140w, https:\/\/i1.wp.com\/trufaconsultores.com\/wp-content\/uploads\/2021\/04\/people-2557399_1920.jpg?resize=272%2C182&amp;ssl=1 272w\" sizes=\"(max-width: 960px) 100vw, 960px\" data-attachment-id=\"4271\" data-permalink=\"https:\/\/trufaconsultores.com\/index.php\/activate\/people-2557399_1920\/\" data-orig-file=\"https:\/\/i1.wp.com\/trufaconsultores.com\/wp-content\/uploads\/2021\/04\/people-2557399_1920.jpg?fit=1920%2C1279&amp;ssl=1\" data-orig-size=\"1920,1279\" data-comments-opened=\"1\" data-image-meta=\"{&quot;aperture&quot;:&quot;0&quot;,&quot;credit&quot;:&quot;&quot;,&quot;camera&quot;:&quot;&quot;,&quot;caption&quot;:&quot;&quot;,&quot;created_timestamp&quot;:&quot;0&quot;,&quot;copyright&quot;:&quot;&quot;,&quot;focal_length&quot;:&quot;0&quot;,&quot;iso&quot;:&quot;0&quot;,&quot;shutter_speed&quot;:&quot;0&quot;,&quot;title&quot;:&quot;&quot;,&quot;orientation&quot;:&quot;0&quot;}\" data-image-title=\"people-2557399_1920\" data-image-description=\"\" data-medium-file=\"https:\/\/i1.wp.com\/trufaconsultores.com\/wp-content\/uploads\/2021\/04\/people-2557399_1920.jpg?fit=595%2C396&amp;ssl=1\" data-large-file=\"https:\/\/i1.wp.com\/trufaconsultores.com\/wp-content\/uploads\/2021\/04\/people-2557399_1920.jpg?fit=960%2C640&amp;ssl=1\" \/>\t\t\t\t\t\t\t\t\t\t\t\t\t\t<\/div>\n\t\t\t\t\t\t<\/div>\n\t\t\t\t<\/div>\n\t\t\t\t\t\t<\/div>\n\t\t\t\t\t<\/div>\n\t\t<\/div>\n\t\t\t\t\t\t\t\t<\/div>\n\t\t\t\t\t<\/div>\n\t\t<\/section>\n\t\t\t\t<section class=\"elementor-section elementor-top-section elementor-element elementor-element-87676df elementor-section-boxed elementor-section-height-default elementor-section-height-default\" data-id=\"87676df\" data-element_type=\"section\">\n\t\t\t\t\t\t<div class=\"elementor-container elementor-column-gap-default\">\n\t\t\t\t\t\t\t<div class=\"elementor-row\">\n\t\t\t\t\t<div class=\"elementor-column elementor-col-100 elementor-top-column elementor-element elementor-element-7902a92\" data-id=\"7902a92\" data-element_type=\"column\">\n\t\t\t<div class=\"elementor-column-wrap elementor-element-populated\">\n\t\t\t\t\t\t\t<div class=\"elementor-widget-wrap\">\n\t\t\t\t\t\t<div class=\"elementor-element elementor-element-fe5c085 elementor-widget elementor-widget-text-editor\" data-id=\"fe5c085\" data-element_type=\"widget\" data-widget_type=\"text-editor.default\">\n\t\t\t\t<div class=\"elementor-widget-container\">\n\t\t\t\t\t\t\t\t<div class=\"elementor-text-editor elementor-clearfix\">\n\t\t\t\t\t<p>Podr\u00edamos citar muchos inconvenientes para activar las incitativas que las empresas tienen en cuanto a su relaci\u00f3n con sus clientes, mercado, inversiones y su entorno econ\u00f3mico y social. Pero como conocemos la gran mayor\u00eda que se centran en presupuestos ajustados, falta de tiempo, conocer los beneficios del medio cultural o del arte, y en su propia capacidad de crear una convocatoria rentable a sus intereses, s\u00f3lo podemos indicarles que se ACTIVEN, y nos llamen para ayudarlos.<\/p><p>Para nosotros es un placer poder ayudarles y ofrecerles otra \u00f3ptica de lo que es un evento exclusivo, \u00fanico y diferencial con los que habitualmente se desarrollan en su entorno de negocio. Les pedimos que activen su creatividad, sus deseos o sus necesidades y hagan realidad lo que casi siempre termina en un caj\u00f3n o en la carpeta de proyectos de su ordenador.\u00a0<\/p><p>Cu\u00e9ntenos todo lo que quiere o necesita, sabremos escucharle y les responderemos con la opci\u00f3n adecuada a su propuesta. El tiempo es importante por lo que no lo perdamos y ACTIVATE.<\/p>\t\t\t\t\t<\/div>\n\t\t\t\t\t\t<\/div>\n\t\t\t\t<\/div>\n\t\t\t\t\t\t<\/div>\n\t\t\t\t\t<\/div>\n\t\t<\/div>\n\t\t\t\t\t\t\t\t<\/div>\n\t\t\t\t\t<\/div>\n\t\t<\/section>\n\t\t\t\t<section class=\"elementor-section elementor-top-section elementor-element elementor-element-0746e37 elementor-section-boxed elementor-section-height-default elementor-section-height-default\" data-id=\"0746e37\" data-element_type=\"section\">\n\t\t\t\t\t\t<div class=\"elementor-container elementor-column-gap-default\">\n\t\t\t\t\t\t\t<div class=\"elementor-row\">\n\t\t\t\t\t<div class=\"elementor-column elementor-col-100 elementor-top-column elementor-element elementor-element-e5bdf25\" data-id=\"e5bdf25\" data-element_type=\"column\">\n\t\t\t<div class=\"elementor-column-wrap elementor-element-populated\">\n\t\t\t\t\t\t\t<div class=\"elementor-widget-wrap\">\n\t\t\t\t\t\t<div class=\"elementor-element elementor-element-a466684 elementor-widget elementor-widget-image\" data-id=\"a466684\" data-element_type=\"widget\" data-widget_type=\"image.default\">\n\t\t\t\t<div class=\"elementor-widget-container\">\n\t\t\t\t\t\t\t\t<div class=\"elementor-image\">\n\t\t\t\t\t\t\t\t\t\t\t\t<img width=\"960\" height=\"414\" src=\"https:\/\/i2.wp.com\/trufaconsultores.com\/wp-content\/uploads\/2017\/05\/time-2676368_1920.jpg?fit=960%2C414&amp;ssl=1\" class=\"attachment-large size-large\" alt=\"\" loading=\"lazy\" srcset=\"https:\/\/i2.wp.com\/trufaconsultores.com\/wp-content\/uploads\/2017\/05\/time-2676368_1920.jpg?w=1920&amp;ssl=1 1920w, https:\/\/i2.wp.com\/trufaconsultores.com\/wp-content\/uploads\/2017\/05\/time-2676368_1920.jpg?resize=595%2C257&amp;ssl=1 595w, https:\/\/i2.wp.com\/trufaconsultores.com\/wp-content\/uploads\/2017\/05\/time-2676368_1920.jpg?resize=768%2C331&amp;ssl=1 768w, https:\/\/i2.wp.com\/trufaconsultores.com\/wp-content\/uploads\/2017\/05\/time-2676368_1920.jpg?resize=960%2C414&amp;ssl=1 960w, https:\/\/i2.wp.com\/trufaconsultores.com\/wp-content\/uploads\/2017\/05\/time-2676368_1920.jpg?resize=1500%2C647&amp;ssl=1 1500w\" sizes=\"(max-width: 960px) 100vw, 960px\" data-attachment-id=\"3588\" data-permalink=\"https:\/\/trufaconsultores.com\/time-2676368_1920\/\" data-orig-file=\"https:\/\/i2.wp.com\/trufaconsultores.com\/wp-content\/uploads\/2017\/05\/time-2676368_1920.jpg?fit=1920%2C828&amp;ssl=1\" data-orig-size=\"1920,828\" data-comments-opened=\"1\" data-image-meta=\"{&quot;aperture&quot;:&quot;0&quot;,&quot;credit&quot;:&quot;&quot;,&quot;camera&quot;:&quot;&quot;,&quot;caption&quot;:&quot;&quot;,&quot;created_timestamp&quot;:&quot;0&quot;,&quot;copyright&quot;:&quot;&quot;,&quot;focal_length&quot;:&quot;0&quot;,&quot;iso&quot;:&quot;0&quot;,&quot;shutter_speed&quot;:&quot;0&quot;,&quot;title&quot;:&quot;&quot;,&quot;orientation&quot;:&quot;0&quot;}\" data-image-title=\"time-2676368_1920\" data-image-description=\"\" data-medium-file=\"https:\/\/i2.wp.com\/trufaconsultores.com\/wp-content\/uploads\/2017\/05\/time-2676368_1920.jpg?fit=595%2C257&amp;ssl=1\" data-large-file=\"https:\/\/i2.wp.com\/trufaconsultores.com\/wp-content\/uploads\/2017\/05\/time-2676368_1920.jpg?fit=960%2C414&amp;ssl=1\" \/>\t\t\t\t\t\t\t\t\t\t\t\t\t\t<\/div>\n\t\t\t\t\t\t<\/div>\n\t\t\t\t<\/div>\n\t\t\t\t\t\t<\/div>\n\t\t\t\t\t<\/div>\n\t\t<\/div>\n\t\t\t\t\t\t\t\t<\/div>\n\t\t\t\t\t<\/div>\n\t\t<\/section>\n\t\t\t\t\t\t<\/div>\n\t\t\t\t\t\t<\/div>\n\t\t\t\t\t<\/div>\n\t\t","protected":false},"excerpt":{"rendered":"<p>Podr\u00edamos citar muchos inconvenientes para activar las incitativas que las empresas tienen en cuanto a su relaci\u00f3n con sus clientes, mercado, inversiones y su entorno econ\u00f3mico y social. Pero como conocemos la gran mayor\u00eda que se centran en presupuestos ajustados, falta de tiempo, conocer los beneficios del medio cultural o del arte, y en su propia capacidad de crear una convocatoria rentable a sus intereses, s\u00f3lo podemos indicarles que se ACTIVEN, y nos llamen para ayudarlos. Para nosotros es un placer poder ayudarles y ofrecerles otra \u00f3ptica de lo que es un evento exclusivo, \u00fanico y diferencial con los que habitualmente se desarrollan en su entorno de negocio. Les pedimos que activen su creatividad, sus deseos o sus necesidades y hagan realidad lo que casi siempre termina en un caj\u00f3n o en la carpeta de proyectos de su ordenador.\u00a0 Cu\u00e9ntenos todo lo que quiere o necesita, sabremos escucharle y les responderemos con la opci\u00f3n adecuada a su propuesta. El tiempo es importante por lo que no lo perdamos y ACTIVATE.<\/p>\n","protected":false},"author":3,"featured_media":0,"parent":0,"menu_order":0,"comment_status":"closed","ping_status":"closed","template":"","meta":{"spay_email":""},"yoast_head":"<!-- This site is optimized with the Yoast SEO plugin v16.4 - https:\/\/yoast.com\/wordpress\/plugins\/seo\/ -->\n<title>ACT\u00cdVATE - http:\/\/trufaconsultores.com\/index.php\/experiences-by-trufa\/<\/title>\n<meta name=\"description\" content=\"Experiences by Trufa, es una manera de entender la personalizaci\u00f3n de sus relaciones con sus clientes y tener herramientas diferenciadas que les permitan acceder a otros.\" \/>\n<meta name=\"robots\" content=\"index, follow, max-snippet:-1, max-image-preview:large, max-video-preview:-1\" \/>\n<link rel=\"canonical\" href=\"https:\/\/trufaconsultores.com\/index.php\/activate\/\" \/>\n<meta property=\"og:locale\" content=\"es_ES\" \/>\n<meta property=\"og:type\" content=\"article\" \/>\n<meta property=\"og:title\" content=\"ACT\u00cdVATE - http:\/\/trufaconsultores.com\/index.php\/experiences-by-trufa\/\" \/>\n<meta property=\"og:description\" content=\"Experiences by Trufa, es una manera de entender la personalizaci\u00f3n de sus relaciones con sus clientes y tener herramientas diferenciadas que les permitan acceder a otros.\" \/>\n<meta property=\"og:url\" content=\"https:\/\/trufaconsultores.com\/index.php\/activate\/\" \/>\n<meta property=\"article:modified_time\" content=\"2021-06-05T09:36:39+00:00\" \/>\n<meta property=\"og:image\" content=\"http:\/\/trufaconsultores.com\/wp-content\/uploads\/2021\/04\/people-2557399_1920-960x640.jpg\" \/>\n<meta name=\"twitter:card\" content=\"summary_large_image\" \/>\n<meta name=\"twitter:label1\" content=\"Tiempo de lectura\" \/>\n\t<meta name=\"twitter:data1\" content=\"2 minutos\" \/>\n<script type=\"application\/ld+json\" class=\"yoast-schema-graph\">{\"@context\":\"https:\/\/schema.org\",\"@graph\":[{\"@type\":\"Organization\",\"@id\":\"https:\/\/trufaconsultores.com\/#organization\",\"name\":\"TRUFA\",\"url\":\"https:\/\/trufaconsultores.com\/\",\"sameAs\":[],\"logo\":{\"@type\":\"ImageObject\",\"@id\":\"https:\/\/trufaconsultores.com\/#logo\",\"inLanguage\":\"es\",\"url\":\"https:\/\/i2.wp.com\/trufaconsultores.com\/wp-content\/uploads\/2017\/09\/2_LOGOS-trufa_color_transparente-02.jpg?fit=876%2C924\",\"contentUrl\":\"https:\/\/i2.wp.com\/trufaconsultores.com\/wp-content\/uploads\/2017\/09\/2_LOGOS-trufa_color_transparente-02.jpg?fit=876%2C924\",\"width\":876,\"height\":924,\"caption\":\"TRUFA\"},\"image\":{\"@id\":\"https:\/\/trufaconsultores.com\/#logo\"}},{\"@type\":\"WebSite\",\"@id\":\"https:\/\/trufaconsultores.com\/#website\",\"url\":\"https:\/\/trufaconsultores.com\/\",\"name\":\"\",\"description\":\"\",\"publisher\":{\"@id\":\"https:\/\/trufaconsultores.com\/#organization\"},\"potentialAction\":[{\"@type\":\"SearchAction\",\"target\":\"https:\/\/trufaconsultores.com\/?s={search_term_string}\",\"query-input\":\"required name=search_term_string\"}],\"inLanguage\":\"es\"},{\"@type\":\"ImageObject\",\"@id\":\"https:\/\/trufaconsultores.com\/index.php\/activate\/#primaryimage\",\"inLanguage\":\"es\",\"url\":\"http:\/\/trufaconsultores.com\/wp-content\/uploads\/2021\/04\/people-2557399_1920-960x640.jpg\",\"contentUrl\":\"http:\/\/trufaconsultores.com\/wp-content\/uploads\/2021\/04\/people-2557399_1920-960x640.jpg\"},{\"@type\":\"WebPage\",\"@id\":\"https:\/\/trufaconsultores.com\/index.php\/activate\/#webpage\",\"url\":\"https:\/\/trufaconsultores.com\/index.php\/activate\/\",\"name\":\"ACT\\u00cdVATE - http:\/\/trufaconsultores.com\/index.php\/experiences-by-trufa\/\",\"isPartOf\":{\"@id\":\"https:\/\/trufaconsultores.com\/#website\"},\"primaryImageOfPage\":{\"@id\":\"https:\/\/trufaconsultores.com\/index.php\/activate\/#primaryimage\"},\"datePublished\":\"2021-01-07T10:38:14+00:00\",\"dateModified\":\"2021-06-05T09:36:39+00:00\",\"description\":\"Experiences by Trufa, es una manera de entender la personalizaci\\u00f3n de sus relaciones con sus clientes y tener herramientas diferenciadas que les permitan acceder a otros.\",\"breadcrumb\":{\"@id\":\"https:\/\/trufaconsultores.com\/index.php\/activate\/#breadcrumb\"},\"inLanguage\":\"es\",\"potentialAction\":[{\"@type\":\"ReadAction\",\"target\":[\"https:\/\/trufaconsultores.com\/index.php\/activate\/\"]}]},{\"@type\":\"BreadcrumbList\",\"@id\":\"https:\/\/trufaconsultores.com\/index.php\/activate\/#breadcrumb\",\"itemListElement\":[{\"@type\":\"ListItem\",\"position\":1,\"item\":{\"@type\":\"WebPage\",\"@id\":\"https:\/\/trufaconsultores.com\/\",\"url\":\"https:\/\/trufaconsultores.com\/\",\"name\":\"Portada\"}},{\"@type\":\"ListItem\",\"position\":2,\"item\":{\"@id\":\"https:\/\/trufaconsultores.com\/index.php\/activate\/#webpage\"}}]}]}<\/script>\n<!-- \/ Yoast SEO plugin. -->","jetpack_sharing_enabled":true,"jetpack_shortlink":"https:\/\/wp.me\/P6QXn7-163","jetpack-related-posts":[{"id":3995,"url":"https:\/\/trufaconsultores.com\/index.php\/experiences-by-trufa\/","url_meta":{"origin":4219,"position":0},"title":"Experiences By Trufa","date":"22 enero, 2020","format":false,"excerpt":"Experiences by Trufa, es nuestra propuesta para las empresas que quieren disponer de una relaci\u00f3n m\u00e1s estrecha con sus clientes, inversores, socios, empleados y tener capacidad de acceder a todos aquellos que a\u00fan no forman parte de su empresa.Desde hace unos a\u00f1os estamos trabajando en este proyecto, que poco a\u2026","rel":"","context":"Entrada similar","img":{"alt_text":"","src":"https:\/\/i0.wp.com\/trufaconsultores.com\/wp-content\/uploads\/2020\/01\/EXPERIENCES-BY-TRUFA-1.png?fit=1200%2C848&ssl=1&resize=350%2C200","width":350,"height":200},"classes":[]},{"id":3971,"url":"https:\/\/trufaconsultores.com\/index.php\/quienes-y-que\/","url_meta":{"origin":4219,"position":1},"title":"M\u00e1s personal ...","date":"22 enero, 2020","format":false,"excerpt":"Han pasado ya muchos a\u00f1os desde que recibimos las primeras formaciones en un marketing que era una especialidad muy novedosa y poco cre\u00edble es la verdad, en el a\u00f1o 1990. en el que para las empresas, s\u00f3lo el departamento comercial ten\u00eda mucho que decir sobre el desarrollo del producto, los\u2026","rel":"","context":"Entrada similar","img":{"alt_text":"","src":"https:\/\/i1.wp.com\/trufaconsultores.com\/wp-content\/uploads\/2019\/03\/photos-by-lanty-568716-unsplash.jpg?fit=1200%2C800&ssl=1&resize=350%2C200","width":350,"height":200},"classes":[]},{"id":4236,"url":"https:\/\/trufaconsultores.com\/index.php\/audiovisual\/","url_meta":{"origin":4219,"position":2},"title":"AUDIOVISUAL","date":"29 abril, 2021","format":false,"excerpt":"En el sector audiovisual hemos creado una figura no com\u00fan seg\u00fan los m\u00e9todos y protocolos de trabajo y el organigrama, establecidos durante muchos a\u00f1os en las productoras dedicadas a la producci\u00f3n de series y pel\u00edculas de ficci\u00f3n en Espa\u00f1a. Innovamos con un papel de captaci\u00f3n y gesti\u00f3n de recursos para\u2026","rel":"","context":"Entrada similar","img":{"alt_text":"","src":"https:\/\/i2.wp.com\/trufaconsultores.com\/wp-content\/uploads\/2021\/01\/film-596009_1920-960x679.jpg?resize=350%2C200","width":350,"height":200},"classes":[]},{"id":4213,"url":"https:\/\/trufaconsultores.com\/index.php\/empresa\/","url_meta":{"origin":4219,"position":3},"title":"EMPRESA","date":"7 enero, 2021","format":false,"excerpt":"ARTE& CULTURA CORPORATIVO Nuestro reto es crear experiencias que motiven la interacci\u00f3n de la creatividad y el talento art\u00edstico con las capacidades profesionales y las necesidades de las empresas y organizaciones. Por ello llevamos en espacios \u00fanicos o exclusivos, proyectos en los cu\u00e1les permitimos la cercan\u00eda de la cultura y\u2026","rel":"","context":"Entrada similar","img":{"alt_text":"","src":"https:\/\/i2.wp.com\/trufaconsultores.com\/wp-content\/uploads\/2015\/03\/macbook-336704_1280-1-960x640.jpg?resize=350%2C200","width":350,"height":200},"classes":[]},{"id":4026,"url":"https:\/\/trufaconsultores.com\/index.php\/contacto\/","url_meta":{"origin":4219,"position":4},"title":"Contacto","date":"22 enero, 2020","format":false,"excerpt":"Creemos en lo que hacemos y queremos compartirlo con vosotros, con tus objetivos, con tus metas y con tu futuro. Ll\u00e1menos, sabemos escuchar muy bien, y juntos prepararemos las experiencias que puedan responder a objetivos concretos de su marca y producto.Nuestro trabajo es privado, exclusivo y \u00fanico por lo que\u2026","rel":"","context":"Entrada similar","img":{"alt_text":"","src":"https:\/\/i1.wp.com\/trufaconsultores.com\/wp-content\/uploads\/2020\/01\/woman-3083379_1920.jpg?fit=1200%2C800&ssl=1&resize=350%2C200","width":350,"height":200},"classes":[]},{"id":4129,"url":"https:\/\/trufaconsultores.com\/index.php\/musica\/","url_meta":{"origin":4219,"position":5},"title":"M\u00fasica","date":"21 diciembre, 2020","format":false,"excerpt":"Creemos en los proyectos de futuro, con una continuidad, con legado y sobre todo con un marcado car\u00e1cter emprendedor. Por ello desde hace unos a\u00f1os, nos formamos lo m\u00e1s r\u00e1pido posible en el dif\u00edcil y muy t\u00e9cnico mundo de la m\u00fasica cl\u00e1sica y la \u00f3pera.\u00a0Nos formamos con un equipo muy\u2026","rel":"","context":"Entrada similar","img":{"alt_text":"","src":"https:\/\/i1.wp.com\/trufaconsultores.com\/wp-content\/uploads\/2021\/06\/DSC00588-960x720.jpg?resize=350%2C200","width":350,"height":200},"classes":[]}],"_links":{"self":[{"href":"https:\/\/trufaconsultores.com\/index.php\/wp-json\/wp\/v2\/pages\/4219"}],"collection":[{"href":"https:\/\/trufaconsultores.com\/index.php\/wp-json\/wp\/v2\/pages"}],"about":[{"href":"https:\/\/trufaconsultores.com\/index.php\/wp-json\/wp\/v2\/types\/page"}],"author":[{"embeddable":true,"href":"https:\/\/trufaconsultores.com\/index.php\/wp-json\/wp\/v2\/users\/3"}],"replies":[{"embeddable":true,"href":"https:\/\/trufaconsultores.com\/index.php\/wp-json\/wp\/v2\/comments?post=4219"}],"version-history":[{"count":13,"href":"https:\/\/trufaconsultores.com\/index.php\/wp-json\/wp\/v2\/pages\/4219\/revisions"}],"predecessor-version":[{"id":4382,"href":"https:\/\/trufaconsultores.com\/index.php\/wp-json\/wp\/v2\/pages\/4219\/revisions\/4382"}],"wp:attachment":[{"href":"https:\/\/trufaconsultores.com\/index.php\/wp-json\/wp\/v2\/media?parent=4219"}],"curies":[{"name":"wp","href":"https:\/\/api.w.org\/{rel}","templated":true}]}}