{"id":4026,"date":"2020-01-22T22:18:33","date_gmt":"2020-01-22T21:18:33","guid":{"rendered":"http:\/\/trufaconsultores.com\/?page_id=4026"},"modified":"2021-01-07T11:42:26","modified_gmt":"2021-01-07T10:42:26","slug":"contacto","status":"publish","type":"page","link":"https:\/\/trufaconsultores.com\/index.php\/contacto\/","title":{"rendered":"Contacto"},"content":{"rendered":"\t\t<div data-elementor-type=\"wp-page\" data-elementor-id=\"4026\" class=\"elementor elementor-4026\" data-elementor-settings=\"[]\">\n\t\t\t\t\t\t<div class=\"elementor-inner\">\n\t\t\t\t\t\t\t<div class=\"elementor-section-wrap\">\n\t\t\t\t\t\t\t<section class=\"elementor-section elementor-top-section elementor-element elementor-element-9683370 elementor-section-boxed elementor-section-height-default elementor-section-height-default\" data-id=\"9683370\" data-element_type=\"section\">\n\t\t\t\t\t\t<div class=\"elementor-container elementor-column-gap-default\">\n\t\t\t\t\t\t\t<div class=\"elementor-row\">\n\t\t\t\t\t<div class=\"elementor-column elementor-col-100 elementor-top-column elementor-element elementor-element-43e9158\" data-id=\"43e9158\" data-element_type=\"column\">\n\t\t\t<div class=\"elementor-column-wrap elementor-element-populated\">\n\t\t\t\t\t\t\t<div class=\"elementor-widget-wrap\">\n\t\t\t\t\t\t<div class=\"elementor-element elementor-element-9bb42e9 elementor-widget elementor-widget-text-editor\" data-id=\"9bb42e9\" data-element_type=\"widget\" data-widget_type=\"text-editor.default\">\n\t\t\t\t<div class=\"elementor-widget-container\">\n\t\t\t\t\t\t\t\t<div class=\"elementor-text-editor elementor-clearfix\">\n\t\t\t\t\t<p>Creemos en lo que hacemos y queremos compartirlo con vosotros, con tus objetivos, con tus metas y con tu futuro. Ll\u00e1menos, sabemos escuchar muy bien, y juntos prepararemos las experiencias que puedan responder a objetivos concretos de su marca y producto.<\/p><p>Nuestro trabajo es privado, exclusivo y \u00fanico por lo que le mostramos nuestro mail de contacto para cualquier necesidad o inquietud que le surja.<\/p>\t\t\t\t\t<\/div>\n\t\t\t\t\t\t<\/div>\n\t\t\t\t<\/div>\n\t\t\t\t\t\t<\/div>\n\t\t\t\t\t<\/div>\n\t\t<\/div>\n\t\t\t\t\t\t\t\t<\/div>\n\t\t\t\t\t<\/div>\n\t\t<\/section>\n\t\t\t\t<section class=\"elementor-section elementor-top-section elementor-element elementor-element-3b3cd52 elementor-section-boxed elementor-section-height-default elementor-section-height-default\" data-id=\"3b3cd52\" data-element_type=\"section\">\n\t\t\t\t\t\t<div class=\"elementor-container elementor-column-gap-default\">\n\t\t\t\t\t\t\t<div class=\"elementor-row\">\n\t\t\t\t\t<div class=\"elementor-column elementor-col-100 elementor-top-column elementor-element elementor-element-7a4a645\" data-id=\"7a4a645\" data-element_type=\"column\">\n\t\t\t<div class=\"elementor-column-wrap elementor-element-populated\">\n\t\t\t\t\t\t\t<div class=\"elementor-widget-wrap\">\n\t\t\t\t\t\t<div class=\"elementor-element elementor-element-39f650f elementor-widget elementor-widget-text-editor\" data-id=\"39f650f\" data-element_type=\"widget\" data-widget_type=\"text-editor.default\">\n\t\t\t\t<div class=\"elementor-widget-container\">\n\t\t\t\t\t\t\t\t<div class=\"elementor-text-editor elementor-clearfix\">\n\t\t\t\t\t<p>Mail de contacto: info@trufaconsultores.com<\/p><p>\u00a0<\/p>\t\t\t\t\t<\/div>\n\t\t\t\t\t\t<\/div>\n\t\t\t\t<\/div>\n\t\t\t\t\t\t<\/div>\n\t\t\t\t\t<\/div>\n\t\t<\/div>\n\t\t\t\t\t\t\t\t<\/div>\n\t\t\t\t\t<\/div>\n\t\t<\/section>\n\t\t\t\t\t\t<\/div>\n\t\t\t\t\t\t<\/div>\n\t\t\t\t\t<\/div>\n\t\t","protected":false},"excerpt":{"rendered":"<p>Creemos en lo que hacemos y queremos compartirlo con vosotros, con tus objetivos, con tus metas y con tu futuro. Ll\u00e1menos, sabemos escuchar muy bien, y juntos prepararemos las experiencias que puedan responder a objetivos concretos de su marca y producto. Nuestro trabajo es privado, exclusivo y \u00fanico por lo que le mostramos nuestro mail de contacto para cualquier necesidad o inquietud que le surja. Mail de contacto: info@trufaconsultores.com \u00a0<\/p>\n","protected":false},"author":3,"featured_media":4027,"parent":0,"menu_order":0,"comment_status":"closed","ping_status":"closed","template":"","meta":{"spay_email":""},"yoast_head":"<!-- This site is optimized with the Yoast SEO plugin v16.4 - https:\/\/yoast.com\/wordpress\/plugins\/seo\/ -->\n<title>Contacto - http:\/\/trufaconsultores.com\/index.php\/experiences-by-trufa\/<\/title>\n<meta name=\"description\" content=\"Experiences by Trufa, es una manera de entender la personalizaci\u00f3n de sus relaciones con sus clientes y tener herramientas diferenciadas que les permitan acceder a otros.\" \/>\n<meta name=\"robots\" content=\"index, follow, max-snippet:-1, max-image-preview:large, max-video-preview:-1\" \/>\n<link rel=\"canonical\" href=\"https:\/\/trufaconsultores.com\/index.php\/contacto\/\" \/>\n<meta property=\"og:locale\" content=\"es_ES\" \/>\n<meta property=\"og:type\" content=\"article\" \/>\n<meta property=\"og:title\" content=\"Contacto - http:\/\/trufaconsultores.com\/index.php\/experiences-by-trufa\/\" \/>\n<meta property=\"og:description\" content=\"Experiences by Trufa, es una manera de entender la personalizaci\u00f3n de sus relaciones con sus clientes y tener herramientas diferenciadas que les permitan acceder a otros.\" \/>\n<meta property=\"og:url\" content=\"https:\/\/trufaconsultores.com\/index.php\/contacto\/\" \/>\n<meta property=\"article:modified_time\" content=\"2021-01-07T10:42:26+00:00\" \/>\n<meta property=\"og:image\" content=\"http:\/\/trufaconsultores.com\/wp-content\/uploads\/2020\/01\/woman-3083379_1920.jpg\" \/>\n\t<meta property=\"og:image:width\" content=\"1920\" \/>\n\t<meta property=\"og:image:height\" content=\"1280\" \/>\n<meta name=\"twitter:card\" content=\"summary_large_image\" \/>\n<script type=\"application\/ld+json\" class=\"yoast-schema-graph\">{\"@context\":\"https:\/\/schema.org\",\"@graph\":[{\"@type\":\"Organization\",\"@id\":\"https:\/\/trufaconsultores.com\/#organization\",\"name\":\"TRUFA\",\"url\":\"https:\/\/trufaconsultores.com\/\",\"sameAs\":[],\"logo\":{\"@type\":\"ImageObject\",\"@id\":\"https:\/\/trufaconsultores.com\/#logo\",\"inLanguage\":\"es\",\"url\":\"https:\/\/i2.wp.com\/trufaconsultores.com\/wp-content\/uploads\/2017\/09\/2_LOGOS-trufa_color_transparente-02.jpg?fit=876%2C924\",\"contentUrl\":\"https:\/\/i2.wp.com\/trufaconsultores.com\/wp-content\/uploads\/2017\/09\/2_LOGOS-trufa_color_transparente-02.jpg?fit=876%2C924\",\"width\":876,\"height\":924,\"caption\":\"TRUFA\"},\"image\":{\"@id\":\"https:\/\/trufaconsultores.com\/#logo\"}},{\"@type\":\"WebSite\",\"@id\":\"https:\/\/trufaconsultores.com\/#website\",\"url\":\"https:\/\/trufaconsultores.com\/\",\"name\":\"\",\"description\":\"\",\"publisher\":{\"@id\":\"https:\/\/trufaconsultores.com\/#organization\"},\"potentialAction\":[{\"@type\":\"SearchAction\",\"target\":\"https:\/\/trufaconsultores.com\/?s={search_term_string}\",\"query-input\":\"required name=search_term_string\"}],\"inLanguage\":\"es\"},{\"@type\":\"ImageObject\",\"@id\":\"https:\/\/trufaconsultores.com\/index.php\/contacto\/#primaryimage\",\"inLanguage\":\"es\",\"url\":\"https:\/\/i1.wp.com\/trufaconsultores.com\/wp-content\/uploads\/2020\/01\/woman-3083379_1920.jpg?fit=1920%2C1280&ssl=1\",\"contentUrl\":\"https:\/\/i1.wp.com\/trufaconsultores.com\/wp-content\/uploads\/2020\/01\/woman-3083379_1920.jpg?fit=1920%2C1280&ssl=1\",\"width\":1920,\"height\":1280},{\"@type\":\"WebPage\",\"@id\":\"https:\/\/trufaconsultores.com\/index.php\/contacto\/#webpage\",\"url\":\"https:\/\/trufaconsultores.com\/index.php\/contacto\/\",\"name\":\"Contacto - http:\/\/trufaconsultores.com\/index.php\/experiences-by-trufa\/\",\"isPartOf\":{\"@id\":\"https:\/\/trufaconsultores.com\/#website\"},\"primaryImageOfPage\":{\"@id\":\"https:\/\/trufaconsultores.com\/index.php\/contacto\/#primaryimage\"},\"datePublished\":\"2020-01-22T21:18:33+00:00\",\"dateModified\":\"2021-01-07T10:42:26+00:00\",\"description\":\"Experiences by Trufa, es una manera de entender la personalizaci\\u00f3n de sus relaciones con sus clientes y tener herramientas diferenciadas que les permitan acceder a otros.\",\"breadcrumb\":{\"@id\":\"https:\/\/trufaconsultores.com\/index.php\/contacto\/#breadcrumb\"},\"inLanguage\":\"es\",\"potentialAction\":[{\"@type\":\"ReadAction\",\"target\":[\"https:\/\/trufaconsultores.com\/index.php\/contacto\/\"]}]},{\"@type\":\"BreadcrumbList\",\"@id\":\"https:\/\/trufaconsultores.com\/index.php\/contacto\/#breadcrumb\",\"itemListElement\":[{\"@type\":\"ListItem\",\"position\":1,\"item\":{\"@type\":\"WebPage\",\"@id\":\"https:\/\/trufaconsultores.com\/\",\"url\":\"https:\/\/trufaconsultores.com\/\",\"name\":\"Portada\"}},{\"@type\":\"ListItem\",\"position\":2,\"item\":{\"@id\":\"https:\/\/trufaconsultores.com\/index.php\/contacto\/#webpage\"}}]}]}<\/script>\n<!-- \/ Yoast SEO plugin. -->","jetpack_sharing_enabled":true,"jetpack_shortlink":"https:\/\/wp.me\/P6QXn7-12W","jetpack-related-posts":[{"id":3995,"url":"https:\/\/trufaconsultores.com\/index.php\/experiences-by-trufa\/","url_meta":{"origin":4026,"position":0},"title":"Experiences By Trufa","date":"22 enero, 2020","format":false,"excerpt":"Experiences by Trufa, es nuestra propuesta para las empresas que quieren disponer de una relaci\u00f3n m\u00e1s estrecha con sus clientes, inversores, socios, empleados y tener capacidad de acceder a todos aquellos que a\u00fan no forman parte de su empresa.Desde hace unos a\u00f1os estamos trabajando en este proyecto, que poco a\u2026","rel":"","context":"Entrada similar","img":{"alt_text":"","src":"https:\/\/i0.wp.com\/trufaconsultores.com\/wp-content\/uploads\/2020\/01\/EXPERIENCES-BY-TRUFA-1.png?fit=1200%2C848&ssl=1&resize=350%2C200","width":350,"height":200},"classes":[]},{"id":4213,"url":"https:\/\/trufaconsultores.com\/index.php\/empresa\/","url_meta":{"origin":4026,"position":1},"title":"EMPRESA","date":"7 enero, 2021","format":false,"excerpt":"ARTE& CULTURA CORPORATIVO Nuestro reto es crear experiencias que motiven la interacci\u00f3n de la creatividad y el talento art\u00edstico con las capacidades profesionales y las necesidades de las empresas y organizaciones. Por ello llevamos en espacios \u00fanicos o exclusivos, proyectos en los cu\u00e1les permitimos la cercan\u00eda de la cultura y\u2026","rel":"","context":"Entrada similar","img":{"alt_text":"","src":"https:\/\/i2.wp.com\/trufaconsultores.com\/wp-content\/uploads\/2015\/03\/macbook-336704_1280-1-960x640.jpg?resize=350%2C200","width":350,"height":200},"classes":[]},{"id":3971,"url":"https:\/\/trufaconsultores.com\/index.php\/quienes-y-que\/","url_meta":{"origin":4026,"position":2},"title":"M\u00e1s personal ...","date":"22 enero, 2020","format":false,"excerpt":"Han pasado ya muchos a\u00f1os desde que recibimos las primeras formaciones en un marketing que era una especialidad muy novedosa y poco cre\u00edble es la verdad, en el a\u00f1o 1990. en el que para las empresas, s\u00f3lo el departamento comercial ten\u00eda mucho que decir sobre el desarrollo del producto, los\u2026","rel":"","context":"Entrada similar","img":{"alt_text":"","src":"https:\/\/i1.wp.com\/trufaconsultores.com\/wp-content\/uploads\/2019\/03\/photos-by-lanty-568716-unsplash.jpg?fit=1200%2C800&ssl=1&resize=350%2C200","width":350,"height":200},"classes":[]},{"id":4129,"url":"https:\/\/trufaconsultores.com\/index.php\/musica\/","url_meta":{"origin":4026,"position":3},"title":"M\u00fasica","date":"21 diciembre, 2020","format":false,"excerpt":"Creemos en los proyectos de futuro, con una continuidad, con legado y sobre todo con un marcado car\u00e1cter emprendedor. Por ello desde hace unos a\u00f1os, nos formamos lo m\u00e1s r\u00e1pido posible en el dif\u00edcil y muy t\u00e9cnico mundo de la m\u00fasica cl\u00e1sica y la \u00f3pera.\u00a0Nos formamos con un equipo muy\u2026","rel":"","context":"Entrada similar","img":{"alt_text":"","src":"https:\/\/i1.wp.com\/trufaconsultores.com\/wp-content\/uploads\/2021\/06\/DSC00588-960x720.jpg?resize=350%2C200","width":350,"height":200},"classes":[]}],"_links":{"self":[{"href":"https:\/\/trufaconsultores.com\/index.php\/wp-json\/wp\/v2\/pages\/4026"}],"collection":[{"href":"https:\/\/trufaconsultores.com\/index.php\/wp-json\/wp\/v2\/pages"}],"about":[{"href":"https:\/\/trufaconsultores.com\/index.php\/wp-json\/wp\/v2\/types\/page"}],"author":[{"embeddable":true,"href":"https:\/\/trufaconsultores.com\/index.php\/wp-json\/wp\/v2\/users\/3"}],"replies":[{"embeddable":true,"href":"https:\/\/trufaconsultores.com\/index.php\/wp-json\/wp\/v2\/comments?post=4026"}],"version-history":[{"count":6,"href":"https:\/\/trufaconsultores.com\/index.php\/wp-json\/wp\/v2\/pages\/4026\/revisions"}],"predecessor-version":[{"id":4225,"href":"https:\/\/trufaconsultores.com\/index.php\/wp-json\/wp\/v2\/pages\/4026\/revisions\/4225"}],"wp:featuredmedia":[{"embeddable":true,"href":"https:\/\/trufaconsultores.com\/index.php\/wp-json\/wp\/v2\/media\/4027"}],"wp:attachment":[{"href":"https:\/\/trufaconsultores.com\/index.php\/wp-json\/wp\/v2\/media?parent=4026"}],"curies":[{"name":"wp","href":"https:\/\/api.w.org\/{rel}","templated":true}]}}